{"id":11932,"date":"2025-03-11T12:17:13","date_gmt":"2025-03-11T11:17:13","guid":{"rendered":"https:\/\/www.entrages.be\/wp\/?page_id=11932"},"modified":"2026-05-07T16:09:53","modified_gmt":"2026-05-07T14:09:53","slug":"arpentage-intergenerationnel","status":"publish","type":"page","link":"https:\/\/www.entrages.be\/wp\/arpentage-intergenerationnel\/","title":{"rendered":"Arpentage interg\u00e9n\u00e9rationnel"},"content":{"rendered":"\t\t<div data-elementor-type=\"wp-page\" data-elementor-id=\"11932\" class=\"elementor elementor-11932\" data-elementor-post-type=\"page\">\n\t\t\t\t<div data-particle_enable=\"false\" data-particle-mobile-disabled=\"false\" class=\"elementor-element elementor-element-7742f93 e-flex e-con-boxed e-con e-parent\" data-id=\"7742f93\" data-element_type=\"container\">\n\t\t\t\t\t<div class=\"e-con-inner\">\n\t\t<div data-particle_enable=\"false\" data-particle-mobile-disabled=\"false\" class=\"elementor-element elementor-element-ac135d9 e-con-full e-flex e-con e-child\" data-id=\"ac135d9\" data-element_type=\"container\">\n\t\t\t\t<div class=\"elementor-element elementor-element-42353c5 elementor-widget elementor-widget-text-editor\" data-id=\"42353c5\" data-element_type=\"widget\" data-widget_type=\"text-editor.default\">\n\t\t\t\t<div class=\"elementor-widget-container\">\n\t\t\t\t\t\t\t<h2 class=\"x_elementToProof\">L&rsquo;arpentage est une technique de lecture collective et conviviale que nous vous proposons pour d\u00e9couvrir des textes qui parlent de g\u00e9n\u00e9rations, d&rsquo;interg\u00e9n\u00e9rationnel et de sensibilisation \u00e0 l&rsquo;\u00e2gisme.<\/h2><h2 class=\"x_elementToProof\">On lit des histoires, des souvenirs, des essais, des articles, on \u00e9change, on partage, on transmet.<\/h2><h2 class=\"x_elementToProof\"><b>Quand ?\u00a0<\/b><\/h2><h2 class=\"x_elementToProof\">Les avant-derniers mercredis de chaque mois de 13h30 \u00e0 16h30.\u00a0<\/h2><h2 class=\"x_elementToProof\"><b>O\u00f9 ?\u00a0<\/b><\/h2><h2 class=\"x_elementToProof\">Centre de doc\u00a0 Entr\u2019\u00e2ges<\/h2><h2 class=\"x_elementToProof\"><strong>Adresse :<\/strong><br \/><a href=\"https:\/\/www.google.com\/maps\/place\/Rue+D%C3%A9mosth%C3%A8ne+40,+1070+Anderlecht\/@50.8425428,4.3086206,17z\/data=!3m1!4b1!4m6!3m5!1s0x47c3c403b3eaea3d:0xa832ff1eaf289447!8m2!3d50.8425428!4d4.3111955!16s%2Fg%2F11tsp5k67g?entry=ttu&amp;g_ep=EgoyMDI2MDUwMi4wIKXMDSoASAFQAw%3D%3D\" target=\"_blank\" rel=\"noopener\">Pavillon Forestier<\/a><br \/>40 Rue D\u00e9mosth\u00e8ne (dans le parc d\u2019Aumale) <br \/>1070 Bruxelles<\/h2><h2 class=\"x_elementToProof\"><b>Comment ?\u00a0<\/b><\/h2><h2 class=\"x_elementToProof\">On s\u2019inscrit par mail : <strong><a href=\"mailto:sophie.prudhomme@entrages.be\">sophie.prudhomme@entrages.be\u00a0\u00a0<\/a><\/strong><\/h2><h2 class=\"x_elementToProof\">(Animatrice : Sophie Prudhomme)<\/h2>\t\t\t\t\t\t<\/div>\n\t\t\t\t<\/div>\n\t\t\t\t<\/div>\n\t\t\t\t\t<\/div>\n\t\t\t\t<\/div>\n\t\t<div data-particle_enable=\"false\" data-particle-mobile-disabled=\"false\" class=\"elementor-element elementor-element-c52f482 e-flex e-con-boxed e-con e-parent\" data-id=\"c52f482\" data-element_type=\"container\">\n\t\t\t\t\t<div class=\"e-con-inner\">\n\t\t\t\t\t<\/div>\n\t\t\t\t<\/div>\n\t\t\t\t<\/div>\n\t\t","protected":false},"excerpt":{"rendered":"<p>L&rsquo;arpentage est une technique de lecture collective et conviviale que nous vous proposons pour d\u00e9couvrir des textes qui parlent de g\u00e9n\u00e9rations, d&rsquo;interg\u00e9n\u00e9rationnel et de sensibilisation \u00e0 l&rsquo;\u00e2gisme. On lit des histoires, des souvenirs, des essais, des articles, on \u00e9change, on partage, on transmet. Quand ?\u00a0 Les avant-derniers mercredis de chaque mois de 13h30 \u00e0 16h30.\u00a0 [&hellip;]<\/p>\n","protected":false},"author":2,"featured_media":0,"parent":0,"menu_order":0,"comment_status":"closed","ping_status":"closed","template":"","meta":{"cybocfi_hide_featured_image":"","footnotes":""},"yoast_head":"<!-- This site is optimized with the Yoast SEO plugin v16.8 - https:\/\/yoast.com\/wordpress\/plugins\/seo\/ -->\n<title>Arpentage interg\u00e9n\u00e9rationnel | Entr&#039;\u00e2ges<\/title>\n<meta name=\"robots\" content=\"index, follow, max-snippet:-1, max-image-preview:large, max-video-preview:-1\" \/>\n<link rel=\"canonical\" href=\"https:\/\/www.entrages.be\/wp\/arpentage-intergenerationnel\/\" \/>\n<meta property=\"og:locale\" content=\"fr_FR\" \/>\n<meta property=\"og:type\" content=\"article\" \/>\n<meta property=\"og:title\" content=\"Arpentage interg\u00e9n\u00e9rationnel | Entr&#039;\u00e2ges\" \/>\n<meta property=\"og:description\" content=\"L&rsquo;arpentage est une technique de lecture collective et conviviale que nous vous proposons pour d\u00e9couvrir des textes qui parlent de g\u00e9n\u00e9rations, d&rsquo;interg\u00e9n\u00e9rationnel et de sensibilisation \u00e0 l&rsquo;\u00e2gisme. On lit des histoires, des souvenirs, des essais, des articles, on \u00e9change, on partage, on transmet. Quand ?\u00a0 Les avant-derniers mercredis de chaque mois de 13h30 \u00e0 16h30.\u00a0 [&hellip;]\" \/>\n<meta property=\"og:url\" content=\"https:\/\/www.entrages.be\/wp\/arpentage-intergenerationnel\/\" \/>\n<meta property=\"og:site_name\" content=\"Entr&#039;\u00e2ges\" \/>\n<meta property=\"article:publisher\" content=\"https:\/\/www.facebook.com\/entragesasbl\/\" \/>\n<meta property=\"article:modified_time\" content=\"2026-05-07T14:09:53+00:00\" \/>\n<meta name=\"twitter:card\" content=\"summary_large_image\" \/>\n<script type=\"application\/ld+json\" class=\"yoast-schema-graph\">{\"@context\":\"https:\/\/schema.org\",\"@graph\":[{\"@type\":\"Organization\",\"@id\":\"https:\/\/www.entrages.be\/wp\/#organization\",\"name\":\"Entr'\\u00e2ges\",\"url\":\"https:\/\/www.entrages.be\/wp\/\",\"sameAs\":[\"https:\/\/www.facebook.com\/entragesasbl\/\"],\"logo\":{\"@type\":\"ImageObject\",\"@id\":\"https:\/\/www.entrages.be\/wp\/#logo\",\"inLanguage\":\"fr-BE\",\"url\":\"https:\/\/www.entrages.be\/wp\/wp-content\/uploads\/2018\/03\/logo-entrages.png\",\"contentUrl\":\"https:\/\/www.entrages.be\/wp\/wp-content\/uploads\/2018\/03\/logo-entrages.png\",\"width\":1142,\"height\":367,\"caption\":\"Entr'\\u00e2ges\"},\"image\":{\"@id\":\"https:\/\/www.entrages.be\/wp\/#logo\"}},{\"@type\":\"WebSite\",\"@id\":\"https:\/\/www.entrages.be\/wp\/#website\",\"url\":\"https:\/\/www.entrages.be\/wp\/\",\"name\":\"Entr&#039;\\u00e2ges\",\"description\":\"Un site pour vivre ensemble \\u00e0 tous \\u00e2ges\",\"publisher\":{\"@id\":\"https:\/\/www.entrages.be\/wp\/#organization\"},\"potentialAction\":[{\"@type\":\"SearchAction\",\"target\":{\"@type\":\"EntryPoint\",\"urlTemplate\":\"https:\/\/www.entrages.be\/wp\/?s={search_term_string}\"},\"query-input\":\"required name=search_term_string\"}],\"inLanguage\":\"fr-BE\"},{\"@type\":\"WebPage\",\"@id\":\"https:\/\/www.entrages.be\/wp\/arpentage-intergenerationnel\/#webpage\",\"url\":\"https:\/\/www.entrages.be\/wp\/arpentage-intergenerationnel\/\",\"name\":\"Arpentage interg\\u00e9n\\u00e9rationnel | Entr&#039;\\u00e2ges\",\"isPartOf\":{\"@id\":\"https:\/\/www.entrages.be\/wp\/#website\"},\"datePublished\":\"2025-03-11T11:17:13+00:00\",\"dateModified\":\"2026-05-07T14:09:53+00:00\",\"breadcrumb\":{\"@id\":\"https:\/\/www.entrages.be\/wp\/arpentage-intergenerationnel\/#breadcrumb\"},\"inLanguage\":\"fr-BE\",\"potentialAction\":[{\"@type\":\"ReadAction\",\"target\":[\"https:\/\/www.entrages.be\/wp\/arpentage-intergenerationnel\/\"]}]},{\"@type\":\"BreadcrumbList\",\"@id\":\"https:\/\/www.entrages.be\/wp\/arpentage-intergenerationnel\/#breadcrumb\",\"itemListElement\":[{\"@type\":\"ListItem\",\"position\":1,\"name\":\"Home\",\"item\":\"https:\/\/www.entrages.be\/wp\/\"},{\"@type\":\"ListItem\",\"position\":2,\"name\":\"Arpentage interg\\u00e9n\\u00e9rationnel\"}]}]}<\/script>\n<!-- \/ Yoast SEO plugin. -->","yoast_head_json":{"title":"Arpentage interg\u00e9n\u00e9rationnel | Entr&#039;\u00e2ges","robots":{"index":"index","follow":"follow","max-snippet":"max-snippet:-1","max-image-preview":"max-image-preview:large","max-video-preview":"max-video-preview:-1"},"canonical":"https:\/\/www.entrages.be\/wp\/arpentage-intergenerationnel\/","og_locale":"fr_FR","og_type":"article","og_title":"Arpentage interg\u00e9n\u00e9rationnel | Entr&#039;\u00e2ges","og_description":"L&rsquo;arpentage est une technique de lecture collective et conviviale que nous vous proposons pour d\u00e9couvrir des textes qui parlent de g\u00e9n\u00e9rations, d&rsquo;interg\u00e9n\u00e9rationnel et de sensibilisation \u00e0 l&rsquo;\u00e2gisme. On lit des histoires, des souvenirs, des essais, des articles, on \u00e9change, on partage, on transmet. Quand ?\u00a0 Les avant-derniers mercredis de chaque mois de 13h30 \u00e0 16h30.\u00a0 [&hellip;]","og_url":"https:\/\/www.entrages.be\/wp\/arpentage-intergenerationnel\/","og_site_name":"Entr&#039;\u00e2ges","article_publisher":"https:\/\/www.facebook.com\/entragesasbl\/","article_modified_time":"2026-05-07T14:09:53+00:00","twitter_card":"summary_large_image","schema":{"@context":"https:\/\/schema.org","@graph":[{"@type":"Organization","@id":"https:\/\/www.entrages.be\/wp\/#organization","name":"Entr'\u00e2ges","url":"https:\/\/www.entrages.be\/wp\/","sameAs":["https:\/\/www.facebook.com\/entragesasbl\/"],"logo":{"@type":"ImageObject","@id":"https:\/\/www.entrages.be\/wp\/#logo","inLanguage":"fr-BE","url":"https:\/\/www.entrages.be\/wp\/wp-content\/uploads\/2018\/03\/logo-entrages.png","contentUrl":"https:\/\/www.entrages.be\/wp\/wp-content\/uploads\/2018\/03\/logo-entrages.png","width":1142,"height":367,"caption":"Entr'\u00e2ges"},"image":{"@id":"https:\/\/www.entrages.be\/wp\/#logo"}},{"@type":"WebSite","@id":"https:\/\/www.entrages.be\/wp\/#website","url":"https:\/\/www.entrages.be\/wp\/","name":"Entr&#039;\u00e2ges","description":"Un site pour vivre ensemble \u00e0 tous \u00e2ges","publisher":{"@id":"https:\/\/www.entrages.be\/wp\/#organization"},"potentialAction":[{"@type":"SearchAction","target":{"@type":"EntryPoint","urlTemplate":"https:\/\/www.entrages.be\/wp\/?s={search_term_string}"},"query-input":"required name=search_term_string"}],"inLanguage":"fr-BE"},{"@type":"WebPage","@id":"https:\/\/www.entrages.be\/wp\/arpentage-intergenerationnel\/#webpage","url":"https:\/\/www.entrages.be\/wp\/arpentage-intergenerationnel\/","name":"Arpentage interg\u00e9n\u00e9rationnel | Entr&#039;\u00e2ges","isPartOf":{"@id":"https:\/\/www.entrages.be\/wp\/#website"},"datePublished":"2025-03-11T11:17:13+00:00","dateModified":"2026-05-07T14:09:53+00:00","breadcrumb":{"@id":"https:\/\/www.entrages.be\/wp\/arpentage-intergenerationnel\/#breadcrumb"},"inLanguage":"fr-BE","potentialAction":[{"@type":"ReadAction","target":["https:\/\/www.entrages.be\/wp\/arpentage-intergenerationnel\/"]}]},{"@type":"BreadcrumbList","@id":"https:\/\/www.entrages.be\/wp\/arpentage-intergenerationnel\/#breadcrumb","itemListElement":[{"@type":"ListItem","position":1,"name":"Home","item":"https:\/\/www.entrages.be\/wp\/"},{"@type":"ListItem","position":2,"name":"Arpentage interg\u00e9n\u00e9rationnel"}]}]}},"_links":{"self":[{"href":"https:\/\/www.entrages.be\/wp\/wp-json\/wp\/v2\/pages\/11932"}],"collection":[{"href":"https:\/\/www.entrages.be\/wp\/wp-json\/wp\/v2\/pages"}],"about":[{"href":"https:\/\/www.entrages.be\/wp\/wp-json\/wp\/v2\/types\/page"}],"author":[{"embeddable":true,"href":"https:\/\/www.entrages.be\/wp\/wp-json\/wp\/v2\/users\/2"}],"replies":[{"embeddable":true,"href":"https:\/\/www.entrages.be\/wp\/wp-json\/wp\/v2\/comments?post=11932"}],"version-history":[{"count":43,"href":"https:\/\/www.entrages.be\/wp\/wp-json\/wp\/v2\/pages\/11932\/revisions"}],"predecessor-version":[{"id":12932,"href":"https:\/\/www.entrages.be\/wp\/wp-json\/wp\/v2\/pages\/11932\/revisions\/12932"}],"wp:attachment":[{"href":"https:\/\/www.entrages.be\/wp\/wp-json\/wp\/v2\/media?parent=11932"}],"curies":[{"name":"wp","href":"https:\/\/api.w.org\/{rel}","templated":true}]}}