{"id":3663,"date":"2022-02-07T12:45:04","date_gmt":"2022-02-07T11:45:04","guid":{"rendered":"https:\/\/www.entrages.be\/wp\/?page_id=3663"},"modified":"2023-05-23T14:01:14","modified_gmt":"2023-05-23T12:01:14","slug":"offre-demploi","status":"publish","type":"page","link":"https:\/\/www.entrages.be\/wp\/offre-demploi\/","title":{"rendered":"Offre d&#8217;emploi"},"content":{"rendered":"\t\t<div data-elementor-type=\"wp-page\" data-elementor-id=\"3663\" class=\"elementor elementor-3663\" data-elementor-post-type=\"page\">\n\t\t\t\t\t\t<section data-particle_enable=\"false\" data-particle-mobile-disabled=\"false\" class=\"elementor-section elementor-top-section elementor-element elementor-element-69530d5d elementor-section-boxed elementor-section-height-default elementor-section-height-default\" data-id=\"69530d5d\" data-element_type=\"section\">\n\t\t\t\t\t\t<div class=\"elementor-container elementor-column-gap-default\">\n\t\t\t\t\t<div class=\"elementor-column elementor-col-100 elementor-top-column elementor-element elementor-element-698373e1\" data-id=\"698373e1\" data-element_type=\"column\">\n\t\t\t<div class=\"elementor-widget-wrap elementor-element-populated\">\n\t\t\t\t\t\t<div class=\"elementor-element elementor-element-65302c68 elementor-widget elementor-widget-text-editor\" data-id=\"65302c68\" data-element_type=\"widget\" data-widget_type=\"text-editor.default\">\n\t\t\t\t<div class=\"elementor-widget-container\">\n\t\t\t\t\t\t\t<p><!-- wp:paragraph --><\/p>\n<p>Entr&rsquo;\u00e2ges engage r\u00e9guli\u00e8rement. N&rsquo;h\u00e9sitez pas \u00e0 visiter cette page si vous avez un int\u00e9r\u00eat marqu\u00e9 pour les dynamiques interg\u00e9n\u00e9rationnelles ou la lutte contre les discriminations li\u00e9es \u00e0 l&rsquo;\u00e2ge.<br \/>Pour l&rsquo;instant nous ne recherchons personne.\u00a0<\/p>\n<p>\u00a0<\/p>\n<p><!-- \/wp:paragraph --><\/p>\t\t\t\t\t\t<\/div>\n\t\t\t\t<\/div>\n\t\t\t\t\t<\/div>\n\t\t<\/div>\n\t\t\t\t\t<\/div>\n\t\t<\/section>\n\t\t\t\t<\/div>\n\t\t","protected":false},"excerpt":{"rendered":"<p>Entr&rsquo;\u00e2ges engage r\u00e9guli\u00e8rement. N&rsquo;h\u00e9sitez pas \u00e0 visiter cette page si vous avez un int\u00e9r\u00eat marqu\u00e9 pour les dynamiques interg\u00e9n\u00e9rationnelles ou la lutte contre les discriminations li\u00e9es \u00e0 l&rsquo;\u00e2ge.Pour l&rsquo;instant nous ne recherchons personne.\u00a0 \u00a0<\/p>\n","protected":false},"author":2,"featured_media":0,"parent":0,"menu_order":0,"comment_status":"closed","ping_status":"closed","template":"page-templates\/full-width.php","meta":{"cybocfi_hide_featured_image":"","footnotes":""},"yoast_head":"<!-- This site is optimized with the Yoast SEO plugin v16.8 - https:\/\/yoast.com\/wordpress\/plugins\/seo\/ -->\n<title>Offre d&#039;emploi | Entr&#039;\u00e2ges<\/title>\n<meta name=\"description\" content=\"Entr&#039;ages engage offre d&#039;emploi Bruxelles travailler dans une association interg\u00e9n\u00e9ration\" \/>\n<meta name=\"robots\" content=\"index, follow, max-snippet:-1, max-image-preview:large, max-video-preview:-1\" \/>\n<link rel=\"canonical\" href=\"https:\/\/www.entrages.be\/wp\/offre-demploi\/\" \/>\n<meta property=\"og:locale\" content=\"fr_FR\" \/>\n<meta property=\"og:type\" content=\"article\" \/>\n<meta property=\"og:title\" content=\"Offre d&#039;emploi | Entr&#039;\u00e2ges\" \/>\n<meta property=\"og:description\" content=\"Entr&#039;ages engage offre d&#039;emploi Bruxelles travailler dans une association interg\u00e9n\u00e9ration\" \/>\n<meta property=\"og:url\" content=\"https:\/\/www.entrages.be\/wp\/offre-demploi\/\" \/>\n<meta property=\"og:site_name\" content=\"Entr&#039;\u00e2ges\" \/>\n<meta property=\"article:publisher\" content=\"https:\/\/www.facebook.com\/entragesasbl\/\" \/>\n<meta property=\"article:modified_time\" content=\"2023-05-23T12:01:14+00:00\" \/>\n<meta name=\"twitter:card\" content=\"summary_large_image\" \/>\n<meta name=\"twitter:label1\" content=\"Dur\u00e9e de lecture est.\" \/>\n\t<meta name=\"twitter:data1\" content=\"1 minute\" \/>\n<script type=\"application\/ld+json\" class=\"yoast-schema-graph\">{\"@context\":\"https:\/\/schema.org\",\"@graph\":[{\"@type\":\"Organization\",\"@id\":\"https:\/\/www.entrages.be\/wp\/#organization\",\"name\":\"Entr'\\u00e2ges\",\"url\":\"https:\/\/www.entrages.be\/wp\/\",\"sameAs\":[\"https:\/\/www.facebook.com\/entragesasbl\/\"],\"logo\":{\"@type\":\"ImageObject\",\"@id\":\"https:\/\/www.entrages.be\/wp\/#logo\",\"inLanguage\":\"fr-BE\",\"url\":\"https:\/\/www.entrages.be\/wp\/wp-content\/uploads\/2018\/03\/logo-entrages.png\",\"contentUrl\":\"https:\/\/www.entrages.be\/wp\/wp-content\/uploads\/2018\/03\/logo-entrages.png\",\"width\":1142,\"height\":367,\"caption\":\"Entr'\\u00e2ges\"},\"image\":{\"@id\":\"https:\/\/www.entrages.be\/wp\/#logo\"}},{\"@type\":\"WebSite\",\"@id\":\"https:\/\/www.entrages.be\/wp\/#website\",\"url\":\"https:\/\/www.entrages.be\/wp\/\",\"name\":\"Entr&#039;\\u00e2ges\",\"description\":\"Un site pour vivre ensemble \\u00e0 tous \\u00e2ges\",\"publisher\":{\"@id\":\"https:\/\/www.entrages.be\/wp\/#organization\"},\"potentialAction\":[{\"@type\":\"SearchAction\",\"target\":{\"@type\":\"EntryPoint\",\"urlTemplate\":\"https:\/\/www.entrages.be\/wp\/?s={search_term_string}\"},\"query-input\":\"required name=search_term_string\"}],\"inLanguage\":\"fr-BE\"},{\"@type\":\"WebPage\",\"@id\":\"https:\/\/www.entrages.be\/wp\/offre-demploi\/#webpage\",\"url\":\"https:\/\/www.entrages.be\/wp\/offre-demploi\/\",\"name\":\"Offre d'emploi | Entr&#039;\\u00e2ges\",\"isPartOf\":{\"@id\":\"https:\/\/www.entrages.be\/wp\/#website\"},\"datePublished\":\"2022-02-07T11:45:04+00:00\",\"dateModified\":\"2023-05-23T12:01:14+00:00\",\"description\":\"Entr'ages engage offre d'emploi Bruxelles travailler dans une association interg\\u00e9n\\u00e9ration\",\"breadcrumb\":{\"@id\":\"https:\/\/www.entrages.be\/wp\/offre-demploi\/#breadcrumb\"},\"inLanguage\":\"fr-BE\",\"potentialAction\":[{\"@type\":\"ReadAction\",\"target\":[\"https:\/\/www.entrages.be\/wp\/offre-demploi\/\"]}]},{\"@type\":\"BreadcrumbList\",\"@id\":\"https:\/\/www.entrages.be\/wp\/offre-demploi\/#breadcrumb\",\"itemListElement\":[{\"@type\":\"ListItem\",\"position\":1,\"name\":\"Home\",\"item\":\"https:\/\/www.entrages.be\/wp\/\"},{\"@type\":\"ListItem\",\"position\":2,\"name\":\"Offre d&#8217;emploi\"}]}]}<\/script>\n<!-- \/ Yoast SEO plugin. -->","yoast_head_json":{"title":"Offre d'emploi | Entr&#039;\u00e2ges","description":"Entr'ages engage offre d'emploi Bruxelles travailler dans une association interg\u00e9n\u00e9ration","robots":{"index":"index","follow":"follow","max-snippet":"max-snippet:-1","max-image-preview":"max-image-preview:large","max-video-preview":"max-video-preview:-1"},"canonical":"https:\/\/www.entrages.be\/wp\/offre-demploi\/","og_locale":"fr_FR","og_type":"article","og_title":"Offre d'emploi | Entr&#039;\u00e2ges","og_description":"Entr'ages engage offre d'emploi Bruxelles travailler dans une association interg\u00e9n\u00e9ration","og_url":"https:\/\/www.entrages.be\/wp\/offre-demploi\/","og_site_name":"Entr&#039;\u00e2ges","article_publisher":"https:\/\/www.facebook.com\/entragesasbl\/","article_modified_time":"2023-05-23T12:01:14+00:00","twitter_card":"summary_large_image","twitter_misc":{"Dur\u00e9e de lecture est.":"1 minute"},"schema":{"@context":"https:\/\/schema.org","@graph":[{"@type":"Organization","@id":"https:\/\/www.entrages.be\/wp\/#organization","name":"Entr'\u00e2ges","url":"https:\/\/www.entrages.be\/wp\/","sameAs":["https:\/\/www.facebook.com\/entragesasbl\/"],"logo":{"@type":"ImageObject","@id":"https:\/\/www.entrages.be\/wp\/#logo","inLanguage":"fr-BE","url":"https:\/\/www.entrages.be\/wp\/wp-content\/uploads\/2018\/03\/logo-entrages.png","contentUrl":"https:\/\/www.entrages.be\/wp\/wp-content\/uploads\/2018\/03\/logo-entrages.png","width":1142,"height":367,"caption":"Entr'\u00e2ges"},"image":{"@id":"https:\/\/www.entrages.be\/wp\/#logo"}},{"@type":"WebSite","@id":"https:\/\/www.entrages.be\/wp\/#website","url":"https:\/\/www.entrages.be\/wp\/","name":"Entr&#039;\u00e2ges","description":"Un site pour vivre ensemble \u00e0 tous \u00e2ges","publisher":{"@id":"https:\/\/www.entrages.be\/wp\/#organization"},"potentialAction":[{"@type":"SearchAction","target":{"@type":"EntryPoint","urlTemplate":"https:\/\/www.entrages.be\/wp\/?s={search_term_string}"},"query-input":"required name=search_term_string"}],"inLanguage":"fr-BE"},{"@type":"WebPage","@id":"https:\/\/www.entrages.be\/wp\/offre-demploi\/#webpage","url":"https:\/\/www.entrages.be\/wp\/offre-demploi\/","name":"Offre d'emploi | Entr&#039;\u00e2ges","isPartOf":{"@id":"https:\/\/www.entrages.be\/wp\/#website"},"datePublished":"2022-02-07T11:45:04+00:00","dateModified":"2023-05-23T12:01:14+00:00","description":"Entr'ages engage offre d'emploi Bruxelles travailler dans une association interg\u00e9n\u00e9ration","breadcrumb":{"@id":"https:\/\/www.entrages.be\/wp\/offre-demploi\/#breadcrumb"},"inLanguage":"fr-BE","potentialAction":[{"@type":"ReadAction","target":["https:\/\/www.entrages.be\/wp\/offre-demploi\/"]}]},{"@type":"BreadcrumbList","@id":"https:\/\/www.entrages.be\/wp\/offre-demploi\/#breadcrumb","itemListElement":[{"@type":"ListItem","position":1,"name":"Home","item":"https:\/\/www.entrages.be\/wp\/"},{"@type":"ListItem","position":2,"name":"Offre d&#8217;emploi"}]}]}},"_links":{"self":[{"href":"https:\/\/www.entrages.be\/wp\/wp-json\/wp\/v2\/pages\/3663"}],"collection":[{"href":"https:\/\/www.entrages.be\/wp\/wp-json\/wp\/v2\/pages"}],"about":[{"href":"https:\/\/www.entrages.be\/wp\/wp-json\/wp\/v2\/types\/page"}],"author":[{"embeddable":true,"href":"https:\/\/www.entrages.be\/wp\/wp-json\/wp\/v2\/users\/2"}],"replies":[{"embeddable":true,"href":"https:\/\/www.entrages.be\/wp\/wp-json\/wp\/v2\/comments?post=3663"}],"version-history":[{"count":28,"href":"https:\/\/www.entrages.be\/wp\/wp-json\/wp\/v2\/pages\/3663\/revisions"}],"predecessor-version":[{"id":5018,"href":"https:\/\/www.entrages.be\/wp\/wp-json\/wp\/v2\/pages\/3663\/revisions\/5018"}],"wp:attachment":[{"href":"https:\/\/www.entrages.be\/wp\/wp-json\/wp\/v2\/media?parent=3663"}],"curies":[{"name":"wp","href":"https:\/\/api.w.org\/{rel}","templated":true}]}}